{"id":2716,"date":"2020-11-21T07:19:32","date_gmt":"2020-11-21T07:19:32","guid":{"rendered":"https:\/\/kircamifide.com.tr\/magaza\/?post_type=product&#038;p=2716"},"modified":"2023-02-23T09:49:20","modified_gmt":"2023-02-23T09:49:20","slug":"kanaryole-kivircik-marul-fidesi-312-adetli-koli-0-70-tl-adet","status":"publish","type":"product","link":"https:\/\/kircamifide.com.tr\/magaza\/product\/kanaryole-kivircik-marul-fidesi-312-adetli-koli-0-70-tl-adet\/","title":{"rendered":"Kanaryole K\u0131v\u0131rc\u0131k Marul Fidesi 312 Adetli Koli (0.85 TL &#8211; Adet)"},"content":{"rendered":"<p>Bitki \u00d6zellikleri :<\/p>\n<p>Yeknesak geli\u015fim g\u00f6sterir, albenili renge ve g\u00f6r\u00fcn\u00fcme sahiptir,<\/p>\n<p>Teklif :<\/p>\n<p>A\u00e7\u0131k tarla \u00fcretimine uygundur ve taze t\u00fcketim ama\u00e7l\u0131d\u0131r, Uzun g\u00fcn ko\u015fullar\u0131nda ge\u00e7 sapa kalkma \u00f6zelli\u011fine sahiptir,<\/p>\n","protected":false},"excerpt":{"rendered":"<p>Hastal\u0131k ad\u0131: Bl 16-18, 20-28, 30-32 (Bremia lactucae, race 16-18, 20-28, 30-32)<\/p>\n<p>Derece: HR<\/p>\n<p>Hastal\u0131k ad\u0131: LMV 1 (Lettuce mosaic virus)<\/p>\n<p>Derece: IR<\/p>\n<p>Hastal\u0131k ad\u0131: Fol 1 (Fusarium oxysporum f.sp. lactucae, race 1)<\/p>\n<div class=\"field-label\">Derece: HR<\/div>\n","protected":false},"featured_media":2969,"comment_status":"open","ping_status":"closed","template":"","meta":{"_joinchat":[]},"product_brand":[],"product_cat":[178],"product_tag":[],"class_list":{"0":"post-2716","1":"product","2":"type-product","3":"status-publish","4":"has-post-thumbnail","6":"product_cat-marul-fideleri","8":"first","9":"instock","10":"taxable","11":"shipping-taxable","12":"purchasable","13":"product-type-simple"},"_links":{"self":[{"href":"https:\/\/kircamifide.com.tr\/magaza\/wp-json\/wp\/v2\/product\/2716","targetHints":{"allow":["GET"]}}],"collection":[{"href":"https:\/\/kircamifide.com.tr\/magaza\/wp-json\/wp\/v2\/product"}],"about":[{"href":"https:\/\/kircamifide.com.tr\/magaza\/wp-json\/wp\/v2\/types\/product"}],"replies":[{"embeddable":true,"href":"https:\/\/kircamifide.com.tr\/magaza\/wp-json\/wp\/v2\/comments?post=2716"}],"wp:featuredmedia":[{"embeddable":true,"href":"https:\/\/kircamifide.com.tr\/magaza\/wp-json\/wp\/v2\/media\/2969"}],"wp:attachment":[{"href":"https:\/\/kircamifide.com.tr\/magaza\/wp-json\/wp\/v2\/media?parent=2716"}],"wp:term":[{"taxonomy":"product_brand","embeddable":true,"href":"https:\/\/kircamifide.com.tr\/magaza\/wp-json\/wp\/v2\/product_brand?post=2716"},{"taxonomy":"product_cat","embeddable":true,"href":"https:\/\/kircamifide.com.tr\/magaza\/wp-json\/wp\/v2\/product_cat?post=2716"},{"taxonomy":"product_tag","embeddable":true,"href":"https:\/\/kircamifide.com.tr\/magaza\/wp-json\/wp\/v2\/product_tag?post=2716"}],"curies":[{"name":"wp","href":"https:\/\/api.w.org\/{rel}","templated":true}]}}