{"id":2717,"date":"2020-11-21T07:20:10","date_gmt":"2020-11-21T07:20:10","guid":{"rendered":"https:\/\/kircamifide.com.tr\/magaza\/?post_type=product&#038;p=2717"},"modified":"2023-02-23T09:49:43","modified_gmt":"2023-02-23T09:49:43","slug":"melina-kivircik-marul-fidesi-312-adetli-koli-0-70-tl-adet","status":"publish","type":"product","link":"https:\/\/kircamifide.com.tr\/magaza\/product\/melina-kivircik-marul-fidesi-312-adetli-koli-0-70-tl-adet\/","title":{"rendered":"Melina K\u0131v\u0131rc\u0131k Marul Fidesi 312 Adetli Koli (0.85 TL &#8211; Adet)"},"content":{"rendered":"<p><strong>Segment:<\/strong>K\u0131v\u0131rc\u0131k<br \/>\n<strong>\u00dcretim Tipi:<\/strong>A\u00e7\u0131k Saha, \u00d6rt\u00fc Alt\u0131, Hidroponik<\/p>\n","protected":false},"excerpt":{"rendered":"<p>\u2022\u00a0Ge\u00e7 sapa kalkan, orta koyu ye\u015fil yaprakl\u0131, h\u0131zl\u0131 geli\u015fen, y\u00fcksek hacimli, k\u0131v\u0131rc\u0131k tip yeni nesil marul \u00e7e\u015fidimizdir.<br \/>\n\u2022\u00a0Il\u0131man sahil b\u00f6lgelerimizde sonbahar, k\u0131\u015f, ilkbahar ve erken yaz yeti\u015ftiricili\u011fine uygundur.<br \/>\n\u2022\u00a0Serin karasal b\u00f6lgelerimizde ilkbahar, yaz ve sonbahar yeti\u015ftiricili\u011fine uygundur.<br \/>\n\u2022\u00a0Olgunluk s\u00fcresi yeti\u015ftirme d\u00f6nemi ve iklim ko\u015fullar\u0131na ba\u011fl\u0131 olarak ortalama; s\u0131cak d\u00f6nemlerde 42 \u2013 48 g\u00fcn, so\u011fuk d\u00f6nemlerde 60 \u2013 78 g\u00fcnd\u00fcr.<br \/>\n\u2022\u00a0Ba\u015f yap\u0131s\u0131 \u00e7ok homojen, yapraklar\u0131 kal\u0131n, sulu ve gevrektir. M\u00fckemmel dairesel ba\u015f ve f\u0131rf\u0131rl\u0131 yaprak \u015fekline sahiptir. Ortalama ba\u015f a\u011f\u0131rl\u0131\u011f\u0131 uygun iklim ve yeti\u015ftirme ko\u015fullar\u0131nda 850 \u2013 1.100 gr. d\u0131r.<br \/>\n\u2022\u00a0Yaprak yap\u0131s\u0131 ve k\u0131v\u0131rc\u0131k deseni m\u00fckemmeldir.<br \/>\n\u2022\u00a0Yaprak k\u0131r\u0131lganl\u0131\u011f\u0131 d\u00fc\u015f\u00fck ve raf \u00f6mr\u00fc uzun bir \u00e7e\u015fittir.<br \/>\n\u2022\u00a0Marul mildiy\u00f6s\u00fcn\u00fcn 16-32,34,36\u00a0 \u0131rklar\u0131na, marul yaprak bitine ve marul mozaik vir\u00fcs\u00fcne dayan\u0131kl\u0131d\u0131r.<br \/>\n\u2022\u00a0\u00d6zellikle ilkbahar aylar\u0131nda yo\u011fun olarak g\u00f6zlenen iklimsel stres ko\u015fullar\u0131ndan kaynaklanan g\u00f6bek olu\u015fumuna kar\u015f\u0131 diren\u00e7lidir.<br \/>\n\u2022\u00a0Taze t\u00fcketime ve end\u00fcstriyel i\u015flemeye uygundur.<\/p>\n<p><strong>Hastal\u0131k Dayan\u0131m\u0131: (HR)<\/strong>\u00a0Bl:16-32,34,36\/Nr:0\/TBSV<\/p>\n<p><strong>(IR)<\/strong>\u00a0LMV:1<\/p>\n","protected":false},"featured_media":2863,"comment_status":"open","ping_status":"closed","template":"","meta":{"_joinchat":[]},"product_brand":[],"product_cat":[178],"product_tag":[],"class_list":{"0":"post-2717","1":"product","2":"type-product","3":"status-publish","4":"has-post-thumbnail","6":"product_cat-marul-fideleri","8":"first","9":"instock","10":"taxable","11":"shipping-taxable","12":"purchasable","13":"product-type-simple"},"_links":{"self":[{"href":"https:\/\/kircamifide.com.tr\/magaza\/wp-json\/wp\/v2\/product\/2717","targetHints":{"allow":["GET"]}}],"collection":[{"href":"https:\/\/kircamifide.com.tr\/magaza\/wp-json\/wp\/v2\/product"}],"about":[{"href":"https:\/\/kircamifide.com.tr\/magaza\/wp-json\/wp\/v2\/types\/product"}],"replies":[{"embeddable":true,"href":"https:\/\/kircamifide.com.tr\/magaza\/wp-json\/wp\/v2\/comments?post=2717"}],"wp:featuredmedia":[{"embeddable":true,"href":"https:\/\/kircamifide.com.tr\/magaza\/wp-json\/wp\/v2\/media\/2863"}],"wp:attachment":[{"href":"https:\/\/kircamifide.com.tr\/magaza\/wp-json\/wp\/v2\/media?parent=2717"}],"wp:term":[{"taxonomy":"product_brand","embeddable":true,"href":"https:\/\/kircamifide.com.tr\/magaza\/wp-json\/wp\/v2\/product_brand?post=2717"},{"taxonomy":"product_cat","embeddable":true,"href":"https:\/\/kircamifide.com.tr\/magaza\/wp-json\/wp\/v2\/product_cat?post=2717"},{"taxonomy":"product_tag","embeddable":true,"href":"https:\/\/kircamifide.com.tr\/magaza\/wp-json\/wp\/v2\/product_tag?post=2717"}],"curies":[{"name":"wp","href":"https:\/\/api.w.org\/{rel}","templated":true}]}}