{"id":2719,"date":"2020-11-21T07:37:17","date_gmt":"2020-11-21T07:37:17","guid":{"rendered":"https:\/\/kircamifide.com.tr\/magaza\/?post_type=product&#038;p=2719"},"modified":"2023-02-23T10:05:29","modified_gmt":"2023-02-23T10:05:29","slug":"romaria-kivircik-marul-fidesi-312-adetli-koli-0-75-tl-adet","status":"publish","type":"product","link":"https:\/\/kircamifide.com.tr\/magaza\/product\/romaria-kivircik-marul-fidesi-312-adetli-koli-0-75-tl-adet\/","title":{"rendered":"Romar\u0131a K\u0131v\u0131rc\u0131k Marul Fidesi 312 Adetli Koli (0.85 TL &#8211; Adet)"},"content":{"rendered":"<p><strong>Segment:<\/strong>K\u0131v\u0131rc\u0131k<br \/>\n<strong>\u00dcretim Tipi:<\/strong>A\u00e7\u0131k Saha, \u00d6rt\u00fc Alt\u0131, Dikey Tar\u0131m, Hidroponik<\/p>\n","protected":false},"excerpt":{"rendered":"<p>\u2022 Ge\u00e7 sapa kalkan, orta ye\u015fil yaprakl\u0131 k\u0131v\u0131rc\u0131k tip marul \u00e7e\u015fidimizdir.<br \/>\n\u2022 Il\u0131man sahil b\u00f6lgelerimizde sonbahar, k\u0131\u015f, ilkbahar ve erken yaz yeti\u015ftiricili\u011fine uygundur.<br \/>\n\u2022 Serin karasal b\u00f6lgelerimizde ilkbahar, yaz ve sonbahar yeti\u015ftiricili\u011fine uygundur.<br \/>\n\u2022 Olgunluk s\u00fcresi yeti\u015ftirme d\u00f6nemi ve iklim ko\u015fullar\u0131na ba\u011fl\u0131 olarak ortalama; s\u0131cak d\u00f6nemlerde 45 \u2013 52, so\u011fuk d\u00f6nemlerde 65 &#8211; 82 g\u00fcnd\u00fcr.<br \/>\n\u2022 Ba\u015f yap\u0131s\u0131 homojen, yapraklar\u0131 kal\u0131n, sulu ve gevrektir.<br \/>\n\u2022 Bitki y\u00fcksek yaprak say\u0131s\u0131 ile hacimlidir.<br \/>\n\u2022 M\u00fckemmel ba\u015f ve yaprak \u015fekline sahiptir.<br \/>\n\u2022 Yaprak k\u0131r\u0131lganl\u0131\u011f\u0131 d\u00fc\u015f\u00fck, raf \u00f6mr\u00fc uzun ve albenisi y\u00fcksek bir \u00e7e\u015fittir.<br \/>\n\u2022 Ortalama ba\u015f a\u011f\u0131rl\u0131\u011f\u0131 uygun iklim ve yeti\u015ftirme ko\u015fullar\u0131nda 840 \u2013 1.180 gr. d\u0131r.<br \/>\n\u2022 Marul mildiy\u00f6s\u00fcn\u00fcn 16-28,30-32 \u0131rklar\u0131na, marul yaprak bitine ve marul mozaik vir\u00fcs\u00fcne dayan\u0131kl\u0131d\u0131r.<\/p>\n<p><strong>Hastal\u0131k Dayan\u0131m\u0131:<\/strong>(HR) Bl: 16-28,30-32EU\/Nr:0\/TBSV<br \/>\n(IR) LMV:1 ,(IR) LMV:1\/Fol:1<\/p>\n","protected":false},"featured_media":2865,"comment_status":"open","ping_status":"closed","template":"","meta":{"_joinchat":[]},"product_brand":[],"product_cat":[178],"product_tag":[],"class_list":{"0":"post-2719","1":"product","2":"type-product","3":"status-publish","4":"has-post-thumbnail","6":"product_cat-marul-fideleri","8":"first","9":"instock","10":"taxable","11":"shipping-taxable","12":"purchasable","13":"product-type-simple"},"_links":{"self":[{"href":"https:\/\/kircamifide.com.tr\/magaza\/wp-json\/wp\/v2\/product\/2719","targetHints":{"allow":["GET"]}}],"collection":[{"href":"https:\/\/kircamifide.com.tr\/magaza\/wp-json\/wp\/v2\/product"}],"about":[{"href":"https:\/\/kircamifide.com.tr\/magaza\/wp-json\/wp\/v2\/types\/product"}],"replies":[{"embeddable":true,"href":"https:\/\/kircamifide.com.tr\/magaza\/wp-json\/wp\/v2\/comments?post=2719"}],"wp:featuredmedia":[{"embeddable":true,"href":"https:\/\/kircamifide.com.tr\/magaza\/wp-json\/wp\/v2\/media\/2865"}],"wp:attachment":[{"href":"https:\/\/kircamifide.com.tr\/magaza\/wp-json\/wp\/v2\/media?parent=2719"}],"wp:term":[{"taxonomy":"product_brand","embeddable":true,"href":"https:\/\/kircamifide.com.tr\/magaza\/wp-json\/wp\/v2\/product_brand?post=2719"},{"taxonomy":"product_cat","embeddable":true,"href":"https:\/\/kircamifide.com.tr\/magaza\/wp-json\/wp\/v2\/product_cat?post=2719"},{"taxonomy":"product_tag","embeddable":true,"href":"https:\/\/kircamifide.com.tr\/magaza\/wp-json\/wp\/v2\/product_tag?post=2719"}],"curies":[{"name":"wp","href":"https:\/\/api.w.org\/{rel}","templated":true}]}}