{"id":2738,"date":"2020-11-24T13:10:36","date_gmt":"2020-11-24T13:10:36","guid":{"rendered":"https:\/\/kircamifide.com.tr\/magaza\/?post_type=product&#038;p=2738"},"modified":"2023-02-23T10:07:00","modified_gmt":"2023-02-23T10:07:00","slug":"ilema-lollo-biondo-marul-fidesi-312-adetli-koli-0-80-tl-adet","status":"publish","type":"product","link":"https:\/\/kircamifide.com.tr\/magaza\/product\/ilema-lollo-biondo-marul-fidesi-312-adetli-koli-0-80-tl-adet\/","title":{"rendered":"\u0130lema ( Lollo Biondo ) Marul Fidesi 312 Adetli Koli (1.25 TL &#8211; Adet)"},"content":{"rendered":"<p><strong>Segment:<\/strong>Lollo Bionda<br \/>\n<strong>\u00dcretim Tipi:<\/strong>A\u00e7\u0131k Saha, \u00d6rt\u00fc Alt\u0131, Hydrophonic, Dikey Tar\u0131m<\/p>\n<p>\u2022 Lollo bionda tipinde koyu ye\u015fil renkli marul \u00e7e\u015fidimizdir.<br \/>\n\u2022 Il\u0131man iklime sahip b\u00f6lgelerimizde ilkbahar, erken yaz, sonbahar ve k\u0131\u015f yeti\u015ftiricili\u011fine, serin iklime sahip b\u00f6lgelerimizde ilkbahar, yaz ve sonbahar yeti\u015ftiricili\u011fine uygundur.<br \/>\n\u2022 Ge\u00e7 sapa kalkan, parlak koyu ye\u015fil renkli, y\u00fcksek hacimli, yuvarlak, kompak, orta iri b\u00fcy\u00fckl\u00fckte, albenisi \u00e7ok y\u00fcksek bir \u00e7e\u015fittir.<br \/>\n\u2022 Raf \u00f6mr\u00fc uzundur.<br \/>\n\u2022 Makineli yaprak hasad\u0131na uygun oldu\u011fu gibi tek ba\u015f olarak da hasat edilebilir.<br \/>\n\u2022 M\u00fckemmel yaprak deseni ile segmentinde \u00e7ok ba\u015far\u0131l\u0131 bir \u00e7e\u015fittir.<br \/>\n\u2022 \u00d6rt\u00fcalt\u0131 ve a\u00e7\u0131k sahada ba\u015far\u0131 ile \u00fcretilebilir.<br \/>\n\u2022 Marul mildiy\u00f6s\u00fcn\u00fcn 16-33 \u0131rklar\u0131na, marul yaprak bitine, marul k\u00f6k afidine, marul mozaik vir\u00fcs\u00fcne, marul fusarium solgunlu\u011funa dayan\u0131kl\u0131d\u0131r.<\/p>\n","protected":false},"excerpt":{"rendered":"<p><strong>Hastal\u0131k Dayan\u0131m\u0131:<\/strong>\u00a0(HR) Bl:16-33\/Nr:0\/Pb\/TBSV<br \/>\n(IR) LMV:1\/Fol:1<\/p>\n","protected":false},"featured_media":2947,"comment_status":"open","ping_status":"closed","template":"","meta":{"_joinchat":[]},"product_brand":[],"product_cat":[178],"product_tag":[],"class_list":{"0":"post-2738","1":"product","2":"type-product","3":"status-publish","4":"has-post-thumbnail","6":"product_cat-marul-fideleri","8":"first","9":"instock","10":"taxable","11":"shipping-taxable","12":"purchasable","13":"product-type-simple"},"_links":{"self":[{"href":"https:\/\/kircamifide.com.tr\/magaza\/wp-json\/wp\/v2\/product\/2738","targetHints":{"allow":["GET"]}}],"collection":[{"href":"https:\/\/kircamifide.com.tr\/magaza\/wp-json\/wp\/v2\/product"}],"about":[{"href":"https:\/\/kircamifide.com.tr\/magaza\/wp-json\/wp\/v2\/types\/product"}],"replies":[{"embeddable":true,"href":"https:\/\/kircamifide.com.tr\/magaza\/wp-json\/wp\/v2\/comments?post=2738"}],"wp:featuredmedia":[{"embeddable":true,"href":"https:\/\/kircamifide.com.tr\/magaza\/wp-json\/wp\/v2\/media\/2947"}],"wp:attachment":[{"href":"https:\/\/kircamifide.com.tr\/magaza\/wp-json\/wp\/v2\/media?parent=2738"}],"wp:term":[{"taxonomy":"product_brand","embeddable":true,"href":"https:\/\/kircamifide.com.tr\/magaza\/wp-json\/wp\/v2\/product_brand?post=2738"},{"taxonomy":"product_cat","embeddable":true,"href":"https:\/\/kircamifide.com.tr\/magaza\/wp-json\/wp\/v2\/product_cat?post=2738"},{"taxonomy":"product_tag","embeddable":true,"href":"https:\/\/kircamifide.com.tr\/magaza\/wp-json\/wp\/v2\/product_tag?post=2738"}],"curies":[{"name":"wp","href":"https:\/\/api.w.org\/{rel}","templated":true}]}}